{"id":1135,"date":"2026-05-06T10:35:24","date_gmt":"2026-05-06T10:35:24","guid":{"rendered":"https:\/\/pandyfloats.com\/?page_id=1135"},"modified":"2026-05-06T10:51:00","modified_gmt":"2026-05-06T10:51:00","slug":"comando-delta-i","status":"publish","type":"page","link":"https:\/\/pandyfloats.com\/?page_id=1135","title":{"rendered":"Comando Delta"},"content":{"rendered":"\n<p>    Binecunoscul <a href=\"https:\/\/www.facebook.com\/dorian.marin.3\" target=\"_blank\" rel=\"noreferrer noopener\">\ud835\udc03\ud835\udc28\ud835\udc2b\ud835\udc22\ud835\udc1a\ud835\udc27 \ud835\udc0c\ud835\udc1a\ud835\udc2b\ud835\udc22\ud835\udc27<\/a>, scriitor \u0219i prieten vechi al meu, a revenit \u00een for\u021b\u0103 cu reeditarea c\u0103r\u021bii <em><strong><a href=\"https:\/\/pandyfloats.com\/\" target=\"_blank\" rel=\"noreferrer noopener\">\ud835\udc02\ud835\udc28\ud835\udc26\ud835\udc1a\ud835\udc27\ud835\udc1d\ud835\udc28 \ud835\udc03\ud835\udc1e\ud835\udc25\ud835\udc2d\ud835\udc1a<\/a><\/strong><\/em>, la musta\u021b\u0103 era s\u0103 fac \u0219i eu parte din trupa de nebuni de atunci !<\/p>\n\n\n\n<p>    Pentru cine dore\u0219te varianta \u00een Lb. Rom\u00e2n\u0103 (este \u0219i varianta \u00een Lb. Englez\u0103) paperback (format fizic):<\/p>\n\n\n\n<p>-Trebuie s\u0103 ave\u021bi sau s\u0103 deschide\u021bi cont pe Amazon cu adresa dvs \u0219i detaliile bancare.<\/p>\n\n\n\n<p>Face\u021bi comanda \u0219i primi\u021bi cartea acas\u0103.<\/p>\n\n\n\n<p>    \u201e\ud835\udc02\ud835\udc28\ud835\udc26\ud835\udc1a\ud835\udc27\ud835\udc1d\ud835\udc28 \ud835\udc03\ud835\udc1e\ud835\udc25\ud835\udc2d\ud835\udc1a este un potpuriu de \u00eent\u00e2mpl\u0103ri \u00een care pescarii evada\u021bi din cotidian \u0219i din ei \u00een\u0219i\u0219i redevin &#8221; homo sapiens&#8221;, acele primate a c\u0103ror supravie\u021buire depindea de felul in care rela\u021bionau cu provoc\u0103rile naturii ostile.<\/p>\n\n\n\n<p>    Pescuitul, aceast\u0103 joac\u0103 pentru oameni mari te pune \u00een situa\u021bii neverosimile unele \u00een care diferen\u021ba dintre via\u021b\u0103 \u0219i moarte este infim\u0103.<\/p>\n\n\n\n<p>    Porni\u021bi a\u0219adar pe urmele aventurii, savura\u021bi ac\u021biunea \u0219i dialogurile, reg\u0103si\u021bi-v\u0103 \u00een aceste \u00eent\u00e2mpl\u0103ri pline de suspans \u0219i umor.\u201d <\/p>\n\n\n\n<p>                              <strong><em>Dorian Marin<\/em><\/strong>.<\/p>\n\n\n\n<p><a href=\"https:\/\/www.amazon.com\/COMANDO-DELTA-Romansh-Dorian-Marin-ebook\/dp\/B0GX315DDC\/ref=sr_1_1?crid=DC2QWTHM5ALM&amp;dib=eyJ2IjoiMSJ9.SxVqqmyZqsiZeh3KHwwIHTOMN9XQgWnTN9O-d0a9js3D_h4HgwxX3AqddsvcwPsKspx4gG95y9jSYa_fTtGABg.jr6TRXi2MK9A95WsK7uoQEExCWASOCkH7c9GszumofY&amp;dib_tag=se&amp;keywords=dorian%20marin%20delta&amp;qid=1777451517&amp;sbo=QS21L9be7oZFAGyl4IXR%2Bw%3D%3D&amp;sprefix=marin%20dorian%2Caps%2C257&amp;sr=8-1&amp;content_source=fb&amp;fb_content_id=Q9-wBQHfbSSTZ0Smbwhwp_tcubzzyK_bk-ArfBqN5OMilr6kZbvSacPfsjkQVR9deg&amp;channel_type=fb&amp;fbclid=IwZXh0bgNhZW0CMTEAc3J0YwZhcHBfaWQQMjIyMDM5MTc4ODIwMDg5MgABHjawQ6RURkiOl37XeH8fuPoDx-hCsXk0Mk0OFgchYFMralPUxWd-NC6KxHsO_aem_QpPacKPn4Jv2cjB-gMjICA\" target=\"_blank\" rel=\"noreferrer noopener\"><\/a><\/p>\n\n\n<div class=\"wp-block-image\">\n<figure class=\"aligncenter size-full is-resized\"><a href=\"https:\/\/www.amazon.com\/COMANDO-DELTA-Romansh-Dorian-Marin-ebook\/dp\/B0GX315DDC\/ref=sr_1_1?crid=DC2QWTHM5ALM&amp;dib=eyJ2IjoiMSJ9.SxVqqmyZqsiZeh3KHwwIHTOMN9XQgWnTN9O-d0a9js3D_h4HgwxX3AqddsvcwPsKspx4gG95y9jSYa_fTtGABg.jr6TRXi2MK9A95WsK7uoQEExCWASOCkH7c9GszumofY&amp;dib_tag=se&amp;keywords=dorian%20marin%20delta&amp;qid=1777451517&amp;sbo=QS21L9be7oZFAGyl4IXR%2Bw%3D%3D&amp;sprefix=marin%20dorian%2Caps%2C257&amp;sr=8-1&amp;content_source=fb&amp;fb_content_id=Q9-wBQHfbSSTZ0Smbwhwp_tcubzzyK_bk-ArfBqN5OMilr6kZbvSacPfsjkQVR9deg&amp;channel_type=fb&amp;fbclid=IwZXh0bgNhZW0CMTEAc3J0YwZhcHBfaWQQMjIyMDM5MTc4ODIwMDg5MgABHjawQ6RURkiOl37XeH8fuPoDx-hCsXk0Mk0OFgchYFMralPUxWd-NC6KxHsO_aem_QpPacKPn4Jv2cjB-gMjICA\" target=\"_blank\" rel=\" noreferrer noopener\"><img loading=\"lazy\" decoding=\"async\" width=\"714\" height=\"1000\" src=\"https:\/\/pandyfloats.com\/wp-content\/uploads\/2026\/05\/comando-delta.webp\" alt=\"\" class=\"wp-image-1136\" style=\"width:439px;height:auto\" srcset=\"https:\/\/pandyfloats.com\/wp-content\/uploads\/2026\/05\/comando-delta.webp 714w, https:\/\/pandyfloats.com\/wp-content\/uploads\/2026\/05\/comando-delta-214x300.webp 214w\" sizes=\"auto, (max-width: 714px) 100vw, 714px\" \/><\/a><\/figure>\n<\/div>","protected":false},"excerpt":{"rendered":"<p>Binecunoscul \ud835\udc03\ud835\udc28\ud835\udc2b\ud835\udc22\ud835\udc1a\ud835\udc27 \ud835\udc0c\ud835\udc1a\ud835\udc2b\ud835\udc22\ud835\udc27, scriitor \u0219i prieten vechi al meu, a revenit \u00een for\u021b\u0103 cu reeditarea c\u0103r\u021bii \ud835\udc02\ud835\udc28\ud835\udc26\ud835\udc1a\ud835\udc27\ud835\udc1d\ud835\udc28 \ud835\udc03\ud835\udc1e\ud835\udc25\ud835\udc2d\ud835\udc1a, la musta\u021b\u0103 era s\u0103 fac \u0219i eu parte din trupa de nebuni de atunci ! Pentru cine dore\u0219te varianta \u00een Lb. Rom\u00e2n\u0103 (este \u0219i varianta \u00een Lb. Englez\u0103) paperback (format fizic): -Trebuie s\u0103 ave\u021bi sau s\u0103 deschide\u021bi [&hellip;]<\/p>\n","protected":false},"author":1,"featured_media":1136,"parent":0,"menu_order":0,"comment_status":"closed","ping_status":"closed","template":"","meta":{"footnotes":""},"class_list":["post-1135","page","type-page","status-publish","has-post-thumbnail","hentry"],"_links":{"self":[{"href":"https:\/\/pandyfloats.com\/index.php?rest_route=\/wp\/v2\/pages\/1135","targetHints":{"allow":["GET"]}}],"collection":[{"href":"https:\/\/pandyfloats.com\/index.php?rest_route=\/wp\/v2\/pages"}],"about":[{"href":"https:\/\/pandyfloats.com\/index.php?rest_route=\/wp\/v2\/types\/page"}],"author":[{"embeddable":true,"href":"https:\/\/pandyfloats.com\/index.php?rest_route=\/wp\/v2\/users\/1"}],"replies":[{"embeddable":true,"href":"https:\/\/pandyfloats.com\/index.php?rest_route=%2Fwp%2Fv2%2Fcomments&post=1135"}],"version-history":[{"count":8,"href":"https:\/\/pandyfloats.com\/index.php?rest_route=\/wp\/v2\/pages\/1135\/revisions"}],"predecessor-version":[{"id":1149,"href":"https:\/\/pandyfloats.com\/index.php?rest_route=\/wp\/v2\/pages\/1135\/revisions\/1149"}],"wp:featuredmedia":[{"embeddable":true,"href":"https:\/\/pandyfloats.com\/index.php?rest_route=\/wp\/v2\/media\/1136"}],"wp:attachment":[{"href":"https:\/\/pandyfloats.com\/index.php?rest_route=%2Fwp%2Fv2%2Fmedia&parent=1135"}],"curies":[{"name":"wp","href":"https:\/\/api.w.org\/{rel}","templated":true}]}}