{"id":325,"date":"2024-02-12T18:40:10","date_gmt":"2024-02-12T18:40:10","guid":{"rendered":"https:\/\/pandyfloats.com\/?page_id=325"},"modified":"2024-03-31T08:00:48","modified_gmt":"2024-03-31T08:00:48","slug":"trucuri","status":"publish","type":"page","link":"https:\/\/pandyfloats.com\/?page_id=325","title":{"rendered":"Trucuri \/ Atelier"},"content":{"rendered":"\n<p class=\"has-text-align-center\"><strong><em><mark style=\"background-color:rgba(0, 0, 0, 0)\" class=\"has-inline-color has-luminous-vivid-orange-color\">Pentru vizionarea optim\u0103 pe telefoane, v\u0103 rog s\u0103 Roti\u021bi ecranul (pe Lat).<\/mark><\/em><\/strong><\/p>\n\n\n\n<figure class=\"wp-block-embed aligncenter is-type-video is-provider-youtube wp-block-embed-youtube wp-embed-aspect-16-9 wp-has-aspect-ratio\"><div class=\"wp-block-embed__wrapper\">\n<iframe loading=\"lazy\" title=\"Cum conect\u0103m linia de pescuit, la varg\u0103.\" width=\"500\" height=\"281\" src=\"https:\/\/www.youtube.com\/embed\/jBdNFuEomMg?feature=oembed\" frameborder=\"0\" allow=\"accelerometer; autoplay; clipboard-write; encrypted-media; gyroscope; picture-in-picture; web-share\" referrerpolicy=\"strict-origin-when-cross-origin\" allowfullscreen><\/iframe>\n<\/div><\/figure>\n","protected":false},"excerpt":{"rendered":"<p>Pentru vizionarea optim\u0103 pe telefoane, v\u0103 rog s\u0103 Roti\u021bi ecranul (pe Lat).<\/p>\n","protected":false},"author":1,"featured_media":0,"parent":0,"menu_order":2,"comment_status":"closed","ping_status":"closed","template":"","meta":{"footnotes":""},"class_list":["post-325","page","type-page","status-publish","hentry"],"_links":{"self":[{"href":"https:\/\/pandyfloats.com\/index.php?rest_route=\/wp\/v2\/pages\/325","targetHints":{"allow":["GET"]}}],"collection":[{"href":"https:\/\/pandyfloats.com\/index.php?rest_route=\/wp\/v2\/pages"}],"about":[{"href":"https:\/\/pandyfloats.com\/index.php?rest_route=\/wp\/v2\/types\/page"}],"author":[{"embeddable":true,"href":"https:\/\/pandyfloats.com\/index.php?rest_route=\/wp\/v2\/users\/1"}],"replies":[{"embeddable":true,"href":"https:\/\/pandyfloats.com\/index.php?rest_route=%2Fwp%2Fv2%2Fcomments&post=325"}],"version-history":[{"count":9,"href":"https:\/\/pandyfloats.com\/index.php?rest_route=\/wp\/v2\/pages\/325\/revisions"}],"predecessor-version":[{"id":599,"href":"https:\/\/pandyfloats.com\/index.php?rest_route=\/wp\/v2\/pages\/325\/revisions\/599"}],"wp:attachment":[{"href":"https:\/\/pandyfloats.com\/index.php?rest_route=%2Fwp%2Fv2%2Fmedia&parent=325"}],"curies":[{"name":"wp","href":"https:\/\/api.w.org\/{rel}","templated":true}]}}